{"id":155,"date":"2017-04-07T01:47:45","date_gmt":"2017-04-06T22:47:45","guid":{"rendered":"http:\/\/3gozdergisi.com\/blog\/?page_id=155"},"modified":"2023-03-15T11:16:51","modified_gmt":"2023-03-15T08:16:51","slug":"hakkimizda","status":"publish","type":"page","link":"https:\/\/3gozdergisi.com\/?page_id=155","title":{"rendered":"Hakk\u0131m\u0131zda"},"content":{"rendered":"<blockquote>\n<p style=\"text-align: left;\"><strong>K\u00dcNYE:<\/strong><\/p>\n<\/blockquote>\n<p style=\"text-align: center;\"><strong>3. G\u00f6z \u0130leti\u015fim, Dan\u0131\u015fmanl\u0131k, E\u011fitim Hizmetleri Ltd. \u015etd.\u00a0<\/strong><\/p>\n<p style=\"text-align: center;\">Copyright\u00a0\u00a93.G\u00f6z T\u00fcm haklar\u0131 sakl\u0131d\u0131r. ISSN # 1303- 4227<\/p>\n<p style=\"text-align: center;\">***<\/p>\n<p style=\"text-align: center;\"><strong>\u00a0Genel Yay\u0131n Y\u00f6netmeni :<\/strong> <a href=\"https:\/\/gulerpinarbasi.com\/\" target=\"_blank\" rel=\"noopener\">G\u00fcler P\u0131narba\u015f\u0131<\/a><\/p>\n<p style=\"text-align: center;\"><strong>\u0130\u00e7erik Yay\u0131n Y\u00f6netmeni:<\/strong> Tutku \u00c7etin<\/p>\n<p style=\"text-align: center;\"><strong>Sanat Y\u00f6netmeni:<\/strong> Atakan Palaz<\/p>\n<p style=\"text-align: center;\"><strong>\u0130leti\u015fim:<\/strong> <a href=\"tel:+905362140838\">05362140838<\/a> &#8211; <a href=\"mailto:iletisim@3gozdergisi.com\">iletisim@3gozdergisi.com<\/a><\/p>\n<p style=\"text-align: center;\">\u00a0***<\/p>\n<p style=\"text-align: left;\"><strong>3. G\u00f6z Dergisi<\/strong> 2000 y\u0131l\u0131ndan beri yay\u0131mlanmaktad\u0131r. 2008 y\u0131l\u0131ndan itibaren olu\u015fturulan <strong>Fark\u0131ndal\u0131k Okulu<\/strong>&#8216;nda okuyucu ve izleyicilerine, hi\u00e7bir kuruma ya da bilgiye ba\u011fl\u0131 kalmaks\u0131z\u0131n &#8216;Fark\u0131ndal\u0131k Bilinciyle Ya\u015fama Sanat\u0131&#8217; ile ya\u015famay\u0131 hat\u0131rlat\u0131r.<\/p>\n<p style=\"text-align: left;\">B\u00fct\u00fcnc\u00fcl (Holistik) yakla\u015f\u0131mlar hakk\u0131nda g\u00fcvenilir bilgilerin yay\u0131lmas\u0131n\u0131 hedefleyen yay\u0131n\u0131m\u0131z, okuyucular\u0131yla birlikte; ge\u00e7mi\u015fin &#8216;ke\u015fke&#8217; lerinden, gelece\u011fin &#8216;kayg\u0131&#8217;lar\u0131ndan kurtulup, ya\u015fama \u00fc\u00e7\u00fcnc\u00fc g\u00f6zden bakman\u0131n \u00f6nemini hat\u0131rlatmak amac\u0131ndad\u0131r. Bu hat\u0131rlatma; do\u011fum ile \u00f6l\u00fcm aras\u0131ndaki s\u00fcrecin en verimli bi\u00e7imde ya\u015fanabilmesini sa\u011flar.<\/p>\n<blockquote><p><span style=\"color: #993366;\">Fark\u0131ndal\u0131k, ki\u015fileri otomatik ya\u015fam bi\u00e7iminden \u00e7\u0131karan, uyan\u0131k bilin\u00e7 haline sokar.<\/span><\/p><\/blockquote>\n<p>Dergimiz, kendi okuyucusunu yaratm\u0131\u015f, okuyucusuyla yazarlar\u0131n\u0131 bulu\u015fturarak ad\u0131m ad\u0131m yol alan ve her ya\u015f grubuna hitap ederek bir izleyici profili olu\u015fturmu\u015ftur. T\u00fcrkiye\u2019de ve d\u00fcnyadaki fark\u0131ndal\u0131k bilinci \u00e7al\u0131\u015fmalar\u0131n\u0131 izleyicilere yans\u0131tmak ve bunu ya\u015fama bi\u00e7imi olarak payla\u015fmay\u0131 hedeflemektedir.<\/p>\n<p style=\"text-align: left;\">Bu bilgilerin \u00f6neminin fark\u0131nda olan <strong>3. G\u00f6z\u00a0<\/strong>okuyucular\u0131na; beden, zihin, ruh sa\u011fl\u0131\u011f\u0131ndan felsefeye, sanattan \u015fifal\u0131 bitkilere, uygulanabilir \u015fifa sanatlar\u0131ndan b\u00fct\u00fcnc\u00fcl (holistik) t\u0131pa, astrolojiden ezoterizme, meditasyondan, hipnoza, ge\u00e7mi\u015f ya\u015fam terapisinden nlp&#8217;ye; mentorluktan ya\u015fam ko\u00e7lu\u011funa; i\u015f d\u00fcnyas\u0131ndan, ruhsal b\u00fcy\u00fcmeye; cinsellikten, a\u015fka; Hinduizm\u2019den, Budizm\u2019e; Musevilikten, Kabalizm\u2019e; \u0130sevilikten Tasavvufa; Evrensel yasalardan eski uygarl\u0131klara kadar zengin bir i\u00e7erik sunmaktad\u0131r\u2026<\/p>\n<p style=\"text-align: left;\">Ayr\u0131ca, g\u00fcncelli\u011fini g\u00fcn\u00fcm\u00fcze kadar ta\u015f\u0131m\u0131\u015f, eski ya da yeni g\u00fcn\u00fcm\u00fcze mesaj ileten film, m\u00fczik, festival, sergi vb\u2026 konular\u0131 da i\u015flemektedir.<\/p>\n<p><strong>\u0130\u00e7eri Plan\u0131:\u00a0\u00a0<\/strong><\/p>\n<ul>\n<li>Beden sa\u011fl\u0131\u011f\u0131nda b\u00fct\u00fcnc\u00fcl t\u0131p (do\u011fal ve geleneksel t\u0131bb\u0131n birlikteli\u011fi)<\/li>\n<li>Zihinsel dinginlik sa\u011flama y\u00f6ntemleri (yoga, meditasyon v.b.)<\/li>\n<li>Zihinsel geli\u015fim y\u00f6ntemleri (nlp, hipnoz v.b.)<\/li>\n<li>E\u011filimler (Tarihten bu yana fark\u0131ndal\u0131k bilgileri)<\/li>\n<li>Mistisisizm (fizik ve metafizik)<\/li>\n<li>Rehber ve referans kurulu\u015flar\u0131n hizmet bilgileri<\/li>\n<li>Ulusal ve uluslar aras\u0131 aktiviteler, programlar ve yay\u0131nlar<\/li>\n<li>Festival, fuar, kongre, konferans ve di\u011fer toplant\u0131lar<\/li>\n<li>Fark\u0131ndal\u0131\u011f\u0131 artt\u0131ran tekniklerin e\u011fitim\/seminer programlar\u0131<\/li>\n<li>Yay\u0131nlar ve web siteleri ile ili\u015fkili etkinlikler.<\/li>\n<\/ul>\n<blockquote><p><span style=\"color: #993366; font-size: 12pt;\"><strong>HEDEF K\u0130TLE<\/strong><\/span><\/p>\n<p><span style=\"color: #993366; font-size: 12pt;\"><strong>Ya\u015f\u00a0 \u00a0 \u00a0 \u00a0 \u00a0:<\/strong>\u00a031-40 ya\u015f: %36; \u00a0 41-50 ya\u015f: %25;\u00a0\u00a0 21-30 ya\u015f: %22 51-60 ya\u015f: %12;\u00a0\u00a0\u00a0 di\u011fer:%5<strong>\u00a0<\/strong><\/span><\/p>\n<p><span style=\"color: #993366; font-size: 12pt;\"><strong>Cinsiyet :<\/strong>\u00a0Kad\u0131n: %69; \u00a0\u00a0\u00a0\u00a0\u00a0\u00a0\u00a0\u00a0 Erkek: %31<\/span><\/p>\n<p><span style=\"color: #993366; font-size: 12pt;\"><strong>\u00d6\u011frenim :<\/strong>\u00a0\u00dcniversite : %61;\u00a0 \u00a0 Lise: %18;\u00a0 \u00a0 \u00a0 Y\u00fcksek Lisans: %17\u00a0\u00a0\u00a0\u00a0\u00a0\u00a0\u00a0\u00a0\u00a0\u00a0\u00a0\u00a0 Di\u011fer: %4<\/span><\/p>\n<p><span style=\"color: #993366; font-size: 12pt;\"><strong>Meslek\u00a0 \u00a0 :<\/strong>\u00a0Y\u00f6netici: %28;\u00a0\u00a0\u00a0\u00a0\u00a0 Doktor: %12\u00a0\u00a0\u00a0\u00a0\u00a0\u00a0\u00a0\u00a0 Emekli: %11; \u00d6\u011frenci: %8;\u00a0 \u00d6\u011fretmen: %19;\u00a0\u00a0\u00a0\u00a0\u00a0 Di\u011fer: %22<\/span><\/p>\n<p><strong>BASKI B\u0130LG\u0130S\u0130<\/strong><\/p><\/blockquote>\n<ul>\n<li>Boyut 16&#215;23.5<\/li>\n<li>4 forma (64 sf), 4 renk,<\/li>\n<li>iplik diki\u015f, Amerikan cilt.<\/li>\n<li>3 ayda bir \/ 5000 adet bask\u0131<\/li>\n<li>e-dergi<\/li>\n<\/ul>\n<blockquote><p><span style=\"color: #993366;\"><strong>DA\u011eITIM Online sitemizden ve sosyal medya hesaplar\u0131m\u0131zdan yap\u0131lmaktad\u0131r.\u00a0<\/strong><\/span><\/p>\n<p><span style=\"color: #993366;\"><strong>Festivaller<\/strong><\/span><span style=\"color: #993366;\">, konferans, seminer, organizasyonlarda\u00a0<strong>do\u011frudan sat\u0131\u015f<\/strong>, tan\u0131t\u0131m ama\u00e7l\u0131 g\u00f6nderilen <b>kontroll\u00fc abonelik<\/b>; reklam verenler, sivil toplum kurulu\u015flar\u0131 ve yay\u0131nevlerine <b>k<\/b><strong><em>ontenjan aboneler<\/em><em>; <\/em><\/strong>do\u011fal \u00fcr\u00fcn, kitap- kafe, terapi, yoga merkezlerine <b>sat\u0131\u015f noktalar\u0131<\/b>\u00a0ve <b>\u00fccretli aboneler<\/b>imize anla\u015fmal\u0131 kargo ile iletilmektedir&#8230;<\/span><\/p><\/blockquote>\n<p><span style=\"color: #993366;\">\u00a0<\/span><\/p>\n","protected":false},"excerpt":{"rendered":"<p>K\u00dcNYE: 3. G\u00f6z \u0130leti\u015fim, Dan\u0131\u015fmanl\u0131k, E\u011fitim Hizmetleri Ltd. \u015etd.\u00a0 Copyright\u00a0\u00a93.G\u00f6z T\u00fcm haklar\u0131 sakl\u0131d\u0131r. ISSN # 1303- 4227 *** \u00a0Genel Yay\u0131n Y\u00f6netmeni : G\u00fcler P\u0131narba\u015f\u0131 \u0130\u00e7erik Yay\u0131n Y\u00f6netmeni: Tutku \u00c7etin Sanat Y\u00f6netmeni: Atakan Palaz \u0130leti\u015fim: 05362140838 &#8211; iletisim@3gozdergisi.com \u00a0*** 3. G\u00f6z Dergisi 2000 y\u0131l\u0131ndan beri yay\u0131mlanmaktad\u0131r. 2008 y\u0131l\u0131ndan itibaren olu\u015fturulan Fark\u0131ndal\u0131k<span class=\"more-link\"><a href=\"https:\/\/3gozdergisi.com\/?page_id=155\">Read More &rarr;<\/a><\/span><\/p>\n","protected":false},"author":1,"featured_media":158,"parent":2,"menu_order":0,"comment_status":"closed","ping_status":"closed","template":"","meta":{"advanced_seo_description":"","jetpack_seo_html_title":"","jetpack_seo_noindex":false,"footnotes":""},"tags":[254,267,108,51,260,70,265,86,255,261,259,258,257,262,266,256,264,217,263],"class_list":["entry","author-dergi","post-155","page","type-page","status-publish","has-post-thumbnail","tag-bilgi","tag-bilinc","tag-bilincalti","tag-budizm","tag-ezoterizm","tag-farkindalik","tag-felsefe","tag-festival","tag-hinduizm","tag-holistik","tag-isevilik","tag-kabalizm","tag-musevilik","tag-sergi","tag-sifali-bitkiler","tag-tasavvuf","tag-tip","tag-ucuncu-goz","tag-yasam-kocu"],"jetpack-related-posts":[{"id":416,"url":"https:\/\/3gozdergisi.com\/?page_id=416","url_meta":{"origin":155,"position":0},"title":"G\u00fcler P\u0131narba\u015f\u0131 Kimdir?","author":"dergi","date":"13 Eyl\u00fcl 2017","format":false,"excerpt":"Fark\u0131ndal\u0131k E\u011fitmeni, hipnoz-regresyon ve progresyon terapisti olan P\u0131narba\u015f\u0131, bir s\u00fcre reklam ajans\u0131 ve sekt\u00f6rel yay\u0131nlarda bas\u0131n-yay\u0131n- halkla ili\u015fkiler sekt\u00f6r\u00fcnde \u00e7al\u0131\u015ft\u0131ktan sonra 2000 y\u0131l\u0131nda 3.G\u00f6z Dergisi\u2019ni yay\u0131mlamaya ba\u015flad\u0131. Halen 3. G\u00f6z Dergisi Genel Yay\u0131n Y\u00f6netmeni olan P\u0131narba\u015f\u0131, fark\u0131ndal\u0131k bilinciyle ya\u015fama sanat\u0131n\u0131 anlatan dergi i\u00e7in beden-zihin-ruh sa\u011fl\u0131\u011f\u0131 ve b\u00fct\u00fcnl\u00fc\u011f\u00fcne y\u00f6nelik ara\u015ft\u0131rmalar yapmaktad\u0131r.\u2026","rel":"","context":"Benzer yaz\u0131","block_context":{"text":"Benzer yaz\u0131","link":""},"img":{"alt_text":"","src":"https:\/\/i0.wp.com\/3gozdergisi.com\/wp-content\/uploads\/2017\/09\/flower-purple-lical-blosso.jpg?fit=1200%2C794&ssl=1&resize=350%2C200","width":350,"height":200,"srcset":"https:\/\/i0.wp.com\/3gozdergisi.com\/wp-content\/uploads\/2017\/09\/flower-purple-lical-blosso.jpg?fit=1200%2C794&ssl=1&resize=350%2C200 1x, https:\/\/i0.wp.com\/3gozdergisi.com\/wp-content\/uploads\/2017\/09\/flower-purple-lical-blosso.jpg?fit=1200%2C794&ssl=1&resize=525%2C300 1.5x, https:\/\/i0.wp.com\/3gozdergisi.com\/wp-content\/uploads\/2017\/09\/flower-purple-lical-blosso.jpg?fit=1200%2C794&ssl=1&resize=700%2C400 2x, https:\/\/i0.wp.com\/3gozdergisi.com\/wp-content\/uploads\/2017\/09\/flower-purple-lical-blosso.jpg?fit=1200%2C794&ssl=1&resize=1050%2C600 3x"},"classes":[]},{"id":421,"url":"https:\/\/3gozdergisi.com\/?page_id=421","url_meta":{"origin":155,"position":1},"title":"\u2018Fark\u0131ndal\u0131k\u2019 Yolculu\u011funda SEM\u0130NERLER VE E\u011e\u0130T\u0130MLER","author":"dergi","date":"13 Eyl\u00fcl 2017","format":false,"excerpt":"\u00a0 B\u0130R D\u0130LEK TUT \"Yer ve g\u00f6k aras\u0131nda k\u00f6pr\u00fc kurarak dimdik ayakta durup sizin beni kucaklaman\u0131z\u0131 beklerim. bana sar\u0131l\u0131n, bana t\u0131rman\u0131n, beni kullan\u0131n ve ben de dileklerinizi yerine getireyim. Tek ihtiyac\u0131n\u0131z olan bir a\u011fa\u00e7t\u0131r. Ben bir dilek a\u011fac\u0131y\u0131m. Ya\u015fam a\u011fac\u0131. I\u015f\u0131k A\u011fac\u0131.\" Bir dilek tutarak ba\u015flayaca\u011f\u0131z. Herhangi bir konuda bir\u2026","rel":"","context":"\"Bir dilek tut\" i\u00e7inde","block_context":{"text":"Bir dilek tut","link":"https:\/\/3gozdergisi.com\/?tag=bir-dilek-tut"},"img":{"alt_text":"","src":"https:\/\/i0.wp.com\/3gozdergisi.com\/wp-content\/uploads\/2017\/09\/wishwall-community-3.jpg?fit=1200%2C750&ssl=1&resize=350%2C200","width":350,"height":200,"srcset":"https:\/\/i0.wp.com\/3gozdergisi.com\/wp-content\/uploads\/2017\/09\/wishwall-community-3.jpg?fit=1200%2C750&ssl=1&resize=350%2C200 1x, https:\/\/i0.wp.com\/3gozdergisi.com\/wp-content\/uploads\/2017\/09\/wishwall-community-3.jpg?fit=1200%2C750&ssl=1&resize=525%2C300 1.5x, https:\/\/i0.wp.com\/3gozdergisi.com\/wp-content\/uploads\/2017\/09\/wishwall-community-3.jpg?fit=1200%2C750&ssl=1&resize=700%2C400 2x, https:\/\/i0.wp.com\/3gozdergisi.com\/wp-content\/uploads\/2017\/09\/wishwall-community-3.jpg?fit=1200%2C750&ssl=1&resize=1050%2C600 3x"},"classes":[]},{"id":338,"url":"https:\/\/3gozdergisi.com\/?page_id=338","url_meta":{"origin":155,"position":2},"title":"3.G\u00f6z Say\u0131lar","author":"dergi","date":"4 Haziran 2017","format":false,"excerpt":"Bu dualite (ikilik) d\u00fcnyas\u0131na gelme amac\u0131m\u0131z\u0131n kendimizin fark\u0131na varmak i\u00e7in gerekli oldu\u011funu d\u00fc\u015f\u00fcnd\u00fc\u011f\u00fcm\u00fczde zihnimizdeki yarg\u0131lar anlams\u0131zla\u015f\u0131r. Karanl\u0131kta ayd\u0131nl\u0131\u011f\u0131n, ayd\u0131nl\u0131kta karanl\u0131\u011f\u0131n, gece de g\u00fcnd\u00fcz\u00fcn ve g\u00fcnd\u00fczde gecenin fark\u0131na varmak gibi. Yin Yang gibi\u2026 Hepsi do\u011fal d\u00f6ng\u00fcs\u00fcnde bir denge i\u00e7indedir\u2026 \u0130\u015fte 3. G\u00f6z, bu dengelenme s\u00fcrecinde zaman\u0131n\u0131, d\u00fc\u015f\u00fcncelerini ve eylemlerini \u2018k\u00f6t\u00fcl\u00fck\u2019\u00fcn varl\u0131\u011f\u0131n\u0131\u2026","rel":"","context":"\"an\" i\u00e7inde","block_context":{"text":"an","link":"https:\/\/3gozdergisi.com\/?tag=an"},"img":{"alt_text":"","src":"https:\/\/i0.wp.com\/3gozdergisi.com\/wp-content\/uploads\/2017\/06\/12223.jpg?fit=1032%2C1200&ssl=1&resize=350%2C200","width":350,"height":200,"srcset":"https:\/\/i0.wp.com\/3gozdergisi.com\/wp-content\/uploads\/2017\/06\/12223.jpg?fit=1032%2C1200&ssl=1&resize=350%2C200 1x, https:\/\/i0.wp.com\/3gozdergisi.com\/wp-content\/uploads\/2017\/06\/12223.jpg?fit=1032%2C1200&ssl=1&resize=525%2C300 1.5x, https:\/\/i0.wp.com\/3gozdergisi.com\/wp-content\/uploads\/2017\/06\/12223.jpg?fit=1032%2C1200&ssl=1&resize=700%2C400 2x"},"classes":[]},{"id":418,"url":"https:\/\/3gozdergisi.com\/?page_id=418","url_meta":{"origin":155,"position":3},"title":"Bireysel Dan\u0131\u015fmanl\u0131k","author":"dergi","date":"13 Eyl\u00fcl 2017","format":false,"excerpt":"\u00a0 \u0130nsan kendisini tan\u0131mak iste\u011fini fark edip, yol alamad\u0131ysa kendisini reddetme e\u011filimi g\u00f6sterebilen bir varl\u0131kt\u0131r. Kendini tan\u0131yabilen bir insan psikolojik ve fiziksel s\u0131n\u0131r ve s\u0131n\u0131rs\u0131zl\u0131klar\u0131n\u0131 bilir ve y\u00f6netir. Kendinde olanlar\u0131n fark\u0131nda olu\u015fu ve bunu de\u011ferlendirebilme becerisi ile bunlar\u0131 de\u011ferlendirebilir, ya\u015fam amac\u0131na uygun bir hayat ya\u015famas\u0131na destek verir. Bu tan\u0131ma kapsam\u0131nda\u2026","rel":"","context":"Benzer yaz\u0131","block_context":{"text":"Benzer yaz\u0131","link":""},"img":{"alt_text":"","src":"https:\/\/i0.wp.com\/3gozdergisi.com\/wp-content\/uploads\/2017\/09\/consierge-psychotherapy-main-img-1.jpg?fit=1200%2C744&ssl=1&resize=350%2C200","width":350,"height":200,"srcset":"https:\/\/i0.wp.com\/3gozdergisi.com\/wp-content\/uploads\/2017\/09\/consierge-psychotherapy-main-img-1.jpg?fit=1200%2C744&ssl=1&resize=350%2C200 1x, https:\/\/i0.wp.com\/3gozdergisi.com\/wp-content\/uploads\/2017\/09\/consierge-psychotherapy-main-img-1.jpg?fit=1200%2C744&ssl=1&resize=525%2C300 1.5x, https:\/\/i0.wp.com\/3gozdergisi.com\/wp-content\/uploads\/2017\/09\/consierge-psychotherapy-main-img-1.jpg?fit=1200%2C744&ssl=1&resize=700%2C400 2x, https:\/\/i0.wp.com\/3gozdergisi.com\/wp-content\/uploads\/2017\/09\/consierge-psychotherapy-main-img-1.jpg?fit=1200%2C744&ssl=1&resize=1050%2C600 3x"},"classes":[]},{"id":552,"url":"https:\/\/3gozdergisi.com\/?page_id=552","url_meta":{"origin":155,"position":4},"title":"Bireysel Dan\u0131\u015fmanl\u0131k","author":"dergi","date":"18 Ocak 2018","format":false,"excerpt":"\u00a0 \u0130nsan kendisini tan\u0131mak iste\u011fini fark edip, yol alamad\u0131ysa kendisini reddetme e\u011filimi g\u00f6sterebilen bir varl\u0131kt\u0131r. Kendini tan\u0131yabilen bir insan psikolojik ve fiziksel s\u0131n\u0131r ve s\u0131n\u0131rs\u0131zl\u0131klar\u0131n\u0131 bilir ve y\u00f6netir. Kendinde olanlar\u0131n fark\u0131nda olu\u015fu ve bunu de\u011ferlendirebilme becerisi ile bunlar\u0131 de\u011ferlendirebilir, ya\u015fam amac\u0131na uygun bir hayat ya\u015famas\u0131na destek verir. Bu tan\u0131ma kapsam\u0131nda\u2026","rel":"","context":"Benzer yaz\u0131","block_context":{"text":"Benzer yaz\u0131","link":""},"img":{"alt_text":"","src":"https:\/\/i0.wp.com\/3gozdergisi.com\/wp-content\/uploads\/2018\/01\/pexels-photo-27405-2.jpg?fit=1200%2C675&ssl=1&resize=350%2C200","width":350,"height":200,"srcset":"https:\/\/i0.wp.com\/3gozdergisi.com\/wp-content\/uploads\/2018\/01\/pexels-photo-27405-2.jpg?fit=1200%2C675&ssl=1&resize=350%2C200 1x, https:\/\/i0.wp.com\/3gozdergisi.com\/wp-content\/uploads\/2018\/01\/pexels-photo-27405-2.jpg?fit=1200%2C675&ssl=1&resize=525%2C300 1.5x, https:\/\/i0.wp.com\/3gozdergisi.com\/wp-content\/uploads\/2018\/01\/pexels-photo-27405-2.jpg?fit=1200%2C675&ssl=1&resize=700%2C400 2x, https:\/\/i0.wp.com\/3gozdergisi.com\/wp-content\/uploads\/2018\/01\/pexels-photo-27405-2.jpg?fit=1200%2C675&ssl=1&resize=1050%2C600 3x"},"classes":[]},{"id":547,"url":"https:\/\/3gozdergisi.com\/?page_id=547","url_meta":{"origin":155,"position":5},"title":"dude","author":"dergi","date":"18 Ocak 2018","format":false,"excerpt":"http:\/\/3gozdergisi.com\/?page_id=338\u00a0http:\/\/3gozdergisi.com\/?page_id=338http:\/\/3gozdergisi.com\/?page_id=338http:\/\/3gozdergisi.com\/?page_id=338http:\/\/3gozdergisi.com\/?page_id=338http:\/\/3gozdergisi.com\/?page_id=338http:\/\/3gozdergisi.com\/?page_id=338http:\/\/3gozdergisi.com\/?page_id=338http:\/\/3gozdergisi.com\/?page_id=338http:\/\/3gozdergisi.com\/?page_id=338http:\/\/3gozdergisi.com\/?page_id=338http:\/\/3gozdergisi.com\/?page_id=338","rel":"","context":"Benzer yaz\u0131","block_context":{"text":"Benzer yaz\u0131","link":""},"img":{"alt_text":"","src":"","width":0,"height":0},"classes":[]}],"jetpack_sharing_enabled":true,"jetpack_shortlink":"https:\/\/wp.me\/P8Aoxt-2v","jetpack_likes_enabled":true,"_links":{"self":[{"href":"https:\/\/3gozdergisi.com\/index.php?rest_route=\/wp\/v2\/pages\/155","targetHints":{"allow":["GET"]}}],"collection":[{"href":"https:\/\/3gozdergisi.com\/index.php?rest_route=\/wp\/v2\/pages"}],"about":[{"href":"https:\/\/3gozdergisi.com\/index.php?rest_route=\/wp\/v2\/types\/page"}],"author":[{"embeddable":true,"href":"https:\/\/3gozdergisi.com\/index.php?rest_route=\/wp\/v2\/users\/1"}],"replies":[{"embeddable":true,"href":"https:\/\/3gozdergisi.com\/index.php?rest_route=%2Fwp%2Fv2%2Fcomments&post=155"}],"version-history":[{"count":9,"href":"https:\/\/3gozdergisi.com\/index.php?rest_route=\/wp\/v2\/pages\/155\/revisions"}],"predecessor-version":[{"id":2741,"href":"https:\/\/3gozdergisi.com\/index.php?rest_route=\/wp\/v2\/pages\/155\/revisions\/2741"}],"up":[{"embeddable":true,"href":"https:\/\/3gozdergisi.com\/index.php?rest_route=\/wp\/v2\/pages\/2"}],"wp:featuredmedia":[{"embeddable":true,"href":"https:\/\/3gozdergisi.com\/index.php?rest_route=\/wp\/v2\/media\/158"}],"wp:attachment":[{"href":"https:\/\/3gozdergisi.com\/index.php?rest_route=%2Fwp%2Fv2%2Fmedia&parent=155"}],"wp:term":[{"taxonomy":"post_tag","embeddable":true,"href":"https:\/\/3gozdergisi.com\/index.php?rest_route=%2Fwp%2Fv2%2Ftags&post=155"}],"curies":[{"name":"wp","href":"https:\/\/api.w.org\/{rel}","templated":true}]}}