{"id":416,"date":"2017-09-13T21:47:15","date_gmt":"2017-09-13T18:47:15","guid":{"rendered":"http:\/\/3gozdergisi.com\/?page_id=416"},"modified":"2017-09-13T21:48:12","modified_gmt":"2017-09-13T18:48:12","slug":"guler-pinarbasi-kimdir","status":"publish","type":"page","link":"https:\/\/3gozdergisi.com\/?page_id=416","title":{"rendered":"G\u00fcler P\u0131narba\u015f\u0131 Kimdir?"},"content":{"rendered":"<p><strong><img data-recalc-dims=\"1\" loading=\"lazy\" decoding=\"async\" data-attachment-id=\"417\" data-permalink=\"https:\/\/3gozdergisi.com\/?attachment_id=417\" data-orig-file=\"https:\/\/i0.wp.com\/3gozdergisi.com\/wp-content\/uploads\/2017\/09\/glrsiteIMG_6779.png?fit=1400%2C1385&amp;ssl=1\" data-orig-size=\"1400,1385\" data-comments-opened=\"1\" data-image-meta=\"{&quot;aperture&quot;:&quot;0&quot;,&quot;credit&quot;:&quot;&quot;,&quot;camera&quot;:&quot;&quot;,&quot;caption&quot;:&quot;&quot;,&quot;created_timestamp&quot;:&quot;0&quot;,&quot;copyright&quot;:&quot;&quot;,&quot;focal_length&quot;:&quot;0&quot;,&quot;iso&quot;:&quot;0&quot;,&quot;shutter_speed&quot;:&quot;0&quot;,&quot;title&quot;:&quot;&quot;,&quot;orientation&quot;:&quot;0&quot;}\" data-image-title=\"glrsiteIMG_6779\" data-image-description=\"\" data-image-caption=\"\" data-large-file=\"https:\/\/i0.wp.com\/3gozdergisi.com\/wp-content\/uploads\/2017\/09\/glrsiteIMG_6779.png?fit=1024%2C1013&amp;ssl=1\" class=\"size-medium wp-image-417 alignright\" src=\"https:\/\/i0.wp.com\/3gozdergisi.com\/wp-content\/uploads\/2017\/09\/glrsiteIMG_6779.png?resize=300%2C297\" alt=\"\" width=\"300\" height=\"297\" srcset=\"https:\/\/i0.wp.com\/3gozdergisi.com\/wp-content\/uploads\/2017\/09\/glrsiteIMG_6779.png?resize=300%2C297&amp;ssl=1 300w, https:\/\/i0.wp.com\/3gozdergisi.com\/wp-content\/uploads\/2017\/09\/glrsiteIMG_6779.png?resize=150%2C150&amp;ssl=1 150w, https:\/\/i0.wp.com\/3gozdergisi.com\/wp-content\/uploads\/2017\/09\/glrsiteIMG_6779.png?resize=768%2C760&amp;ssl=1 768w, https:\/\/i0.wp.com\/3gozdergisi.com\/wp-content\/uploads\/2017\/09\/glrsiteIMG_6779.png?resize=1024%2C1013&amp;ssl=1 1024w, https:\/\/i0.wp.com\/3gozdergisi.com\/wp-content\/uploads\/2017\/09\/glrsiteIMG_6779.png?resize=50%2C50&amp;ssl=1 50w, https:\/\/i0.wp.com\/3gozdergisi.com\/wp-content\/uploads\/2017\/09\/glrsiteIMG_6779.png?w=1400&amp;ssl=1 1400w\" sizes=\"auto, (max-width: 300px) 100vw, 300px\" \/><\/strong>Fark\u0131ndal\u0131k E\u011fitmeni, hipnoz-regresyon ve progresyon terapisti olan P\u0131narba\u015f\u0131, bir s\u00fcre reklam ajans\u0131 ve sekt\u00f6rel yay\u0131nlarda bas\u0131n-yay\u0131n- halkla ili\u015fkiler sekt\u00f6r\u00fcnde \u00e7al\u0131\u015ft\u0131ktan sonra 2000 y\u0131l\u0131nda 3.G\u00f6z Dergisi\u2019ni yay\u0131mlamaya ba\u015flad\u0131. Halen 3. G\u00f6z Dergisi Genel Yay\u0131n Y\u00f6netmeni olan P\u0131narba\u015f\u0131, fark\u0131ndal\u0131k bilinciyle ya\u015fama sanat\u0131n\u0131 anlatan dergi i\u00e7in beden-zihin-ruh sa\u011fl\u0131\u011f\u0131 ve b\u00fct\u00fcnl\u00fc\u011f\u00fcne y\u00f6nelik ara\u015ft\u0131rmalar yapmaktad\u0131r. Yay\u0131n\u0131n i\u00e7eri\u011fini zenginle\u015ftiren bir\u00e7ok e\u011fitim ve uygulamalara kat\u0131lm\u0131\u015ft\u0131r. \u00d6zellikle NLP Trainer (Beyin Dili Program\u0131nda e\u011fitimcinin e\u011fitmeni), Hipnoterapi de NLH Master (Beyin Dili Hipnoterapisi), Regresyon (ge\u00e7mi\u015f) ve Progresyon (gelecek) ya\u015fam terapileri yapmaktad\u0131r. NeuroFitness ve bir\u00e7ok \u015fifa sanatlar\u0131nda da uygulay\u0131c\u0131 ve e\u011fitmendir.<\/p>\n<p>Halen \u0130stanbul\u2019da ya\u015famakta olup; \u00f6ncelikle \u0130stanbul, \u0130zmir ve Ankara genelinde bireysel dan\u0131\u015fmanl\u0131k, kurumsal grup \u00e7al\u0131\u015fmalar\u0131 yan\u0131 s\u0131ra, kendini geli\u015ftirmeye y\u00f6nelik fark\u0131ndal\u0131k \u00e7al\u0131\u015fmalar\u0131 yapt\u0131rmaktad\u0131r. Sundu\u011fu seminer konu ba\u015fl\u0131klar\u0131: 3. G\u00f6z\u2019\u00fc A\u00e7mak; B\u00fct\u00fcnc\u00fcl Ya\u015famda Fark\u0131ndal\u0131k; Para Sevgidir; Fark\u0131ndal\u0131\u011f\u0131n \u015eifas\u0131; Zamanda Yolculuk\u2019tur\u2026<\/p>\n<p>&nbsp;<\/p>\n<table>\n<tbody>\n<tr>\n<td width=\"454\">\u00a0<strong>Konu Kapsam\u0131nda Ald\u0131\u011f\u0131 E\u011fitimler<\/strong><\/p>\n<p><strong>\u00a0<\/strong><\/p>\n<p>2004 NLP Pracititioner\/ INLPTA\u2019n\u0131n e\u011fitmen Debra Wylde\u2019 dan,<\/p>\n<p>2005 NLP Practitioner \/ The Universal NLP Association (UNLPA) ve The Society of Neuro- Linguistic Programming (NLPNOW) e\u011fitmeni Philip Holt\u2019dan,<\/p>\n<p>2005 NLP Master Practitioner \/ Europan &amp; Middle Eastern Institute of Hypnosis (EMEIH) kurum e\u011fitmeni Ralph Watson\u2019dan,<\/p>\n<p>&nbsp;<\/p>\n<p><strong>Beyin Dili Hipnoterapi E\u011fitimleri (Neuro Linguistic Hipnoteraphy)<\/strong><\/p>\n<p><strong>\u00a0<\/strong><\/p>\n<p>2005 NLH Practitioner \/ Europan &amp; Middle Eastern Institute of Hypnosis (EMEIH) isimli kurum e\u011fitmeni Robert Smith\u2019den,<\/p>\n<p>2004 NLH Practitioner\u00a0\u00a0ve Master Practitioner e\u011fitimi, Europan &amp; Middle Eastern Institute of Hypnosis (EMEIH) kurum e\u011fitmeni Ralph Watson\u2019dan\u2026<\/p>\n<p>2005 NLP Master Training E\u011fitimi\/ The Universal NLP Association (UNLPA) kurum e\u011fitmeni Sue Knight\u2019tan<\/p>\n<p>2005 NLP Trainer Training E\u011fitimi (Uzman E\u011fitmen E\u011fitimi)\/ British Board of NLP (BBNLP) e\u011fitmeni Sue Knight\u2019tan.<\/p>\n<p>&nbsp;<\/p>\n<p><strong>Biorezonans E\u011fitimleri<\/strong><\/p>\n<p><strong>\u00a0<\/strong><\/p>\n<p>2015 NeuroFeedback Klinisyenlik E\u011fitimi Orhan K\u0131l\u0131\u00e7c\u0131<\/p>\n<p>2015 Integratif T\u0131p E\u011fitimi Dr. Ersal I\u015f\u0131k<\/td>\n<\/tr>\n<tr>\n<td width=\"454\">G\u00fcler P\u0131narba\u015f\u0131 Hakk\u0131nda:<\/p>\n<p><a href=\"http:\/\/www.youtube.com\/watch?v=hskpydqWBIA\">http:\/\/www.youtube.com\/watch?v=hskpydqWBIA<\/a><\/p>\n<p>ileti\u015fim bilgileri: Tel: 0536 2140838\u00a0 \/ <a href=\"mailto:gulerpinarbasi@gmail.com\">gulerpinarbasi@gmail.com<\/a><\/td>\n<\/tr>\n<\/tbody>\n<\/table>\n<p><strong><a href=\"http:\/\/3gozdergisi.com\/?page_id=418\">Bireysel Dan\u0131\u015fmanl\u0131k ile ilgili bilgi almak i\u00e7in..<\/a>.<\/strong><br \/>\n<strong><a href=\"http:\/\/3gozdergisi.com\/?page_id=421\">\u2018Fark\u0131ndal\u0131k\u2019 Yolculu\u011funda SEM\u0130NERLER VE E\u011e\u0130T\u0130MLER<\/a>\u00a0ile ilgili bilgi almak i\u00e7in&#8230;<\/strong><\/p>\n<p>&nbsp;<\/p>\n<p>&nbsp;<\/p>\n<p>&nbsp;<\/p>\n<p>&nbsp;<\/p>\n<p>&nbsp;<\/p>\n<p>&nbsp;<\/p>\n<p>&nbsp;<\/p>\n<p>&nbsp;<\/p>\n<p>&nbsp;<\/p>\n<p>&nbsp;<\/p>\n<p>&nbsp;<\/p>\n","protected":false},"excerpt":{"rendered":"<p>Fark\u0131ndal\u0131k E\u011fitmeni, hipnoz-regresyon ve progresyon terapisti olan P\u0131narba\u015f\u0131, bir s\u00fcre reklam ajans\u0131 ve sekt\u00f6rel yay\u0131nlarda bas\u0131n-yay\u0131n- halkla ili\u015fkiler sekt\u00f6r\u00fcnde \u00e7al\u0131\u015ft\u0131ktan sonra 2000 y\u0131l\u0131nda 3.G\u00f6z Dergisi\u2019ni yay\u0131mlamaya ba\u015flad\u0131. Halen 3. G\u00f6z Dergisi Genel Yay\u0131n Y\u00f6netmeni olan P\u0131narba\u015f\u0131, fark\u0131ndal\u0131k bilinciyle ya\u015fama sanat\u0131n\u0131 anlatan dergi i\u00e7in beden-zihin-ruh sa\u011fl\u0131\u011f\u0131 ve b\u00fct\u00fcnl\u00fc\u011f\u00fcne y\u00f6nelik ara\u015ft\u0131rmalar yapmaktad\u0131r.<span class=\"more-link\"><a href=\"https:\/\/3gozdergisi.com\/?page_id=416\">Read More &rarr;<\/a><\/span><\/p>\n","protected":false},"author":1,"featured_media":431,"parent":0,"menu_order":0,"comment_status":"closed","ping_status":"closed","template":"","meta":{"advanced_seo_description":"","jetpack_seo_html_title":"","jetpack_seo_noindex":false,"jetpack_post_was_ever_published":false,"footnotes":""},"tags":[],"class_list":["entry","author-dergi","post-416","page","type-page","status-publish","has-post-thumbnail"],"jetpack-related-posts":[{"id":155,"url":"https:\/\/3gozdergisi.com\/?page_id=155","url_meta":{"origin":416,"position":0},"title":"Hakk\u0131m\u0131zda","author":"dergi","date":"7 Nisan 2017","format":false,"excerpt":"K\u00dcNYE: 3. G\u00f6z \u0130leti\u015fim, Dan\u0131\u015fmanl\u0131k, E\u011fitim Hizmetleri Ltd. \u015etd.\u00a0 Copyright\u00a0\u00a93.G\u00f6z T\u00fcm haklar\u0131 sakl\u0131d\u0131r. ISSN # 1303- 4227 *** \u00a0Genel Yay\u0131n Y\u00f6netmeni : G\u00fcler P\u0131narba\u015f\u0131 \u0130\u00e7erik Yay\u0131n Y\u00f6netmeni: Tutku \u00c7etin Sanat Y\u00f6netmeni: Atakan Palaz \u0130leti\u015fim: 05362140838 - iletisim@3gozdergisi.com \u00a0*** 3. G\u00f6z Dergisi 2000 y\u0131l\u0131ndan beri yay\u0131mlanmaktad\u0131r. 2008 y\u0131l\u0131ndan itibaren olu\u015fturulan Fark\u0131ndal\u0131k\u2026","rel":"","context":"\"Bilgi\" i\u00e7inde","block_context":{"text":"Bilgi","link":"https:\/\/3gozdergisi.com\/?tag=bilgi"},"img":{"alt_text":"","src":"https:\/\/i0.wp.com\/3gozdergisi.com\/wp-content\/uploads\/2017\/04\/hakk%C4%B1m%C4%B1zda.jpg?fit=1200%2C848&ssl=1&resize=350%2C200","width":350,"height":200,"srcset":"https:\/\/i0.wp.com\/3gozdergisi.com\/wp-content\/uploads\/2017\/04\/hakk%C4%B1m%C4%B1zda.jpg?fit=1200%2C848&ssl=1&resize=350%2C200 1x, https:\/\/i0.wp.com\/3gozdergisi.com\/wp-content\/uploads\/2017\/04\/hakk%C4%B1m%C4%B1zda.jpg?fit=1200%2C848&ssl=1&resize=525%2C300 1.5x, https:\/\/i0.wp.com\/3gozdergisi.com\/wp-content\/uploads\/2017\/04\/hakk%C4%B1m%C4%B1zda.jpg?fit=1200%2C848&ssl=1&resize=700%2C400 2x, https:\/\/i0.wp.com\/3gozdergisi.com\/wp-content\/uploads\/2017\/04\/hakk%C4%B1m%C4%B1zda.jpg?fit=1200%2C848&ssl=1&resize=1050%2C600 3x"},"classes":[]},{"id":421,"url":"https:\/\/3gozdergisi.com\/?page_id=421","url_meta":{"origin":416,"position":1},"title":"\u2018Fark\u0131ndal\u0131k\u2019 Yolculu\u011funda SEM\u0130NERLER VE E\u011e\u0130T\u0130MLER","author":"dergi","date":"13 Eyl\u00fcl 2017","format":false,"excerpt":"\u00a0 B\u0130R D\u0130LEK TUT \"Yer ve g\u00f6k aras\u0131nda k\u00f6pr\u00fc kurarak dimdik ayakta durup sizin beni kucaklaman\u0131z\u0131 beklerim. bana sar\u0131l\u0131n, bana t\u0131rman\u0131n, beni kullan\u0131n ve ben de dileklerinizi yerine getireyim. Tek ihtiyac\u0131n\u0131z olan bir a\u011fa\u00e7t\u0131r. Ben bir dilek a\u011fac\u0131y\u0131m. Ya\u015fam a\u011fac\u0131. I\u015f\u0131k A\u011fac\u0131.\" Bir dilek tutarak ba\u015flayaca\u011f\u0131z. Herhangi bir konuda bir\u2026","rel":"","context":"\"Bir dilek tut\" i\u00e7inde","block_context":{"text":"Bir dilek tut","link":"https:\/\/3gozdergisi.com\/?tag=bir-dilek-tut"},"img":{"alt_text":"","src":"https:\/\/i0.wp.com\/3gozdergisi.com\/wp-content\/uploads\/2017\/09\/wishwall-community-3.jpg?fit=1200%2C750&ssl=1&resize=350%2C200","width":350,"height":200,"srcset":"https:\/\/i0.wp.com\/3gozdergisi.com\/wp-content\/uploads\/2017\/09\/wishwall-community-3.jpg?fit=1200%2C750&ssl=1&resize=350%2C200 1x, https:\/\/i0.wp.com\/3gozdergisi.com\/wp-content\/uploads\/2017\/09\/wishwall-community-3.jpg?fit=1200%2C750&ssl=1&resize=525%2C300 1.5x, https:\/\/i0.wp.com\/3gozdergisi.com\/wp-content\/uploads\/2017\/09\/wishwall-community-3.jpg?fit=1200%2C750&ssl=1&resize=700%2C400 2x, https:\/\/i0.wp.com\/3gozdergisi.com\/wp-content\/uploads\/2017\/09\/wishwall-community-3.jpg?fit=1200%2C750&ssl=1&resize=1050%2C600 3x"},"classes":[]},{"id":195,"url":"https:\/\/3gozdergisi.com\/?page_id=195","url_meta":{"origin":416,"position":2},"title":"Meral Bak\u0131r","author":"dergi","date":"7 Nisan 2017","format":false,"excerpt":"Biyoenerji ve Seraphim Blueprint Uzman\u0131 \u00a0\u00a0\u00a0 \u00c7akra Ar\u0131nd\u0131rma ve \u00c7al\u0131\u015ft\u0131rma Y\u00f6ntemleri, 2013 ve \u00c7ocuklar i\u00e7in Yoga, 2013 kitaplar\u0131n\u0131n yazar\u0131 Swami Vivekananda Yoga University ve Yoga ALLIANCE Yoga e\u011fitmenli\u011fi temel e\u011fitimini tamamlad\u0131. Daha sonra, Rainbow Kids Yoga \u201cYoga For Kids and Families\u201d Teacher Training \u201c\u00c7ocuk ve Aile Yogas\u0131 \u00d6\u011fretmenlik E\u011fitimi, Birthlight\u2026","rel":"","context":"Benzer yaz\u0131","block_context":{"text":"Benzer yaz\u0131","link":""},"img":{"alt_text":"","src":"https:\/\/i0.wp.com\/3gozdergisi.com\/blog\/wp-content\/uploads\/2017\/04\/meral-300x200.png?resize=350%2C200","width":350,"height":200},"classes":[]},{"id":338,"url":"https:\/\/3gozdergisi.com\/?page_id=338","url_meta":{"origin":416,"position":3},"title":"3.G\u00f6z Say\u0131lar","author":"dergi","date":"4 Haziran 2017","format":false,"excerpt":"Bu dualite (ikilik) d\u00fcnyas\u0131na gelme amac\u0131m\u0131z\u0131n kendimizin fark\u0131na varmak i\u00e7in gerekli oldu\u011funu d\u00fc\u015f\u00fcnd\u00fc\u011f\u00fcm\u00fczde zihnimizdeki yarg\u0131lar anlams\u0131zla\u015f\u0131r. Karanl\u0131kta ayd\u0131nl\u0131\u011f\u0131n, ayd\u0131nl\u0131kta karanl\u0131\u011f\u0131n, gece de g\u00fcnd\u00fcz\u00fcn ve g\u00fcnd\u00fczde gecenin fark\u0131na varmak gibi. Yin Yang gibi\u2026 Hepsi do\u011fal d\u00f6ng\u00fcs\u00fcnde bir denge i\u00e7indedir\u2026 \u0130\u015fte 3. G\u00f6z, bu dengelenme s\u00fcrecinde zaman\u0131n\u0131, d\u00fc\u015f\u00fcncelerini ve eylemlerini \u2018k\u00f6t\u00fcl\u00fck\u2019\u00fcn varl\u0131\u011f\u0131n\u0131\u2026","rel":"","context":"\"an\" i\u00e7inde","block_context":{"text":"an","link":"https:\/\/3gozdergisi.com\/?tag=an"},"img":{"alt_text":"","src":"https:\/\/i0.wp.com\/3gozdergisi.com\/wp-content\/uploads\/2017\/06\/12223.jpg?fit=1032%2C1200&ssl=1&resize=350%2C200","width":350,"height":200,"srcset":"https:\/\/i0.wp.com\/3gozdergisi.com\/wp-content\/uploads\/2017\/06\/12223.jpg?fit=1032%2C1200&ssl=1&resize=350%2C200 1x, https:\/\/i0.wp.com\/3gozdergisi.com\/wp-content\/uploads\/2017\/06\/12223.jpg?fit=1032%2C1200&ssl=1&resize=525%2C300 1.5x, https:\/\/i0.wp.com\/3gozdergisi.com\/wp-content\/uploads\/2017\/06\/12223.jpg?fit=1032%2C1200&ssl=1&resize=700%2C400 2x"},"classes":[]},{"id":418,"url":"https:\/\/3gozdergisi.com\/?page_id=418","url_meta":{"origin":416,"position":4},"title":"Bireysel Dan\u0131\u015fmanl\u0131k","author":"dergi","date":"13 Eyl\u00fcl 2017","format":false,"excerpt":"\u00a0 \u0130nsan kendisini tan\u0131mak iste\u011fini fark edip, yol alamad\u0131ysa kendisini reddetme e\u011filimi g\u00f6sterebilen bir varl\u0131kt\u0131r. Kendini tan\u0131yabilen bir insan psikolojik ve fiziksel s\u0131n\u0131r ve s\u0131n\u0131rs\u0131zl\u0131klar\u0131n\u0131 bilir ve y\u00f6netir. Kendinde olanlar\u0131n fark\u0131nda olu\u015fu ve bunu de\u011ferlendirebilme becerisi ile bunlar\u0131 de\u011ferlendirebilir, ya\u015fam amac\u0131na uygun bir hayat ya\u015famas\u0131na destek verir. Bu tan\u0131ma kapsam\u0131nda\u2026","rel":"","context":"Benzer yaz\u0131","block_context":{"text":"Benzer yaz\u0131","link":""},"img":{"alt_text":"","src":"https:\/\/i0.wp.com\/3gozdergisi.com\/wp-content\/uploads\/2017\/09\/consierge-psychotherapy-main-img-1.jpg?fit=1200%2C744&ssl=1&resize=350%2C200","width":350,"height":200,"srcset":"https:\/\/i0.wp.com\/3gozdergisi.com\/wp-content\/uploads\/2017\/09\/consierge-psychotherapy-main-img-1.jpg?fit=1200%2C744&ssl=1&resize=350%2C200 1x, https:\/\/i0.wp.com\/3gozdergisi.com\/wp-content\/uploads\/2017\/09\/consierge-psychotherapy-main-img-1.jpg?fit=1200%2C744&ssl=1&resize=525%2C300 1.5x, https:\/\/i0.wp.com\/3gozdergisi.com\/wp-content\/uploads\/2017\/09\/consierge-psychotherapy-main-img-1.jpg?fit=1200%2C744&ssl=1&resize=700%2C400 2x, https:\/\/i0.wp.com\/3gozdergisi.com\/wp-content\/uploads\/2017\/09\/consierge-psychotherapy-main-img-1.jpg?fit=1200%2C744&ssl=1&resize=1050%2C600 3x"},"classes":[]},{"id":552,"url":"https:\/\/3gozdergisi.com\/?page_id=552","url_meta":{"origin":416,"position":5},"title":"Bireysel Dan\u0131\u015fmanl\u0131k","author":"dergi","date":"18 Ocak 2018","format":false,"excerpt":"\u00a0 \u0130nsan kendisini tan\u0131mak iste\u011fini fark edip, yol alamad\u0131ysa kendisini reddetme e\u011filimi g\u00f6sterebilen bir varl\u0131kt\u0131r. Kendini tan\u0131yabilen bir insan psikolojik ve fiziksel s\u0131n\u0131r ve s\u0131n\u0131rs\u0131zl\u0131klar\u0131n\u0131 bilir ve y\u00f6netir. Kendinde olanlar\u0131n fark\u0131nda olu\u015fu ve bunu de\u011ferlendirebilme becerisi ile bunlar\u0131 de\u011ferlendirebilir, ya\u015fam amac\u0131na uygun bir hayat ya\u015famas\u0131na destek verir. Bu tan\u0131ma kapsam\u0131nda\u2026","rel":"","context":"Benzer yaz\u0131","block_context":{"text":"Benzer yaz\u0131","link":""},"img":{"alt_text":"","src":"https:\/\/i0.wp.com\/3gozdergisi.com\/wp-content\/uploads\/2018\/01\/pexels-photo-27405-2.jpg?fit=1200%2C675&ssl=1&resize=350%2C200","width":350,"height":200,"srcset":"https:\/\/i0.wp.com\/3gozdergisi.com\/wp-content\/uploads\/2018\/01\/pexels-photo-27405-2.jpg?fit=1200%2C675&ssl=1&resize=350%2C200 1x, https:\/\/i0.wp.com\/3gozdergisi.com\/wp-content\/uploads\/2018\/01\/pexels-photo-27405-2.jpg?fit=1200%2C675&ssl=1&resize=525%2C300 1.5x, https:\/\/i0.wp.com\/3gozdergisi.com\/wp-content\/uploads\/2018\/01\/pexels-photo-27405-2.jpg?fit=1200%2C675&ssl=1&resize=700%2C400 2x, https:\/\/i0.wp.com\/3gozdergisi.com\/wp-content\/uploads\/2018\/01\/pexels-photo-27405-2.jpg?fit=1200%2C675&ssl=1&resize=1050%2C600 3x"},"classes":[]}],"jetpack_sharing_enabled":true,"jetpack_shortlink":"https:\/\/wp.me\/P8Aoxt-6I","jetpack_likes_enabled":true,"_links":{"self":[{"href":"https:\/\/3gozdergisi.com\/index.php?rest_route=\/wp\/v2\/pages\/416","targetHints":{"allow":["GET"]}}],"collection":[{"href":"https:\/\/3gozdergisi.com\/index.php?rest_route=\/wp\/v2\/pages"}],"about":[{"href":"https:\/\/3gozdergisi.com\/index.php?rest_route=\/wp\/v2\/types\/page"}],"author":[{"embeddable":true,"href":"https:\/\/3gozdergisi.com\/index.php?rest_route=\/wp\/v2\/users\/1"}],"replies":[{"embeddable":true,"href":"https:\/\/3gozdergisi.com\/index.php?rest_route=%2Fwp%2Fv2%2Fcomments&post=416"}],"version-history":[{"count":2,"href":"https:\/\/3gozdergisi.com\/index.php?rest_route=\/wp\/v2\/pages\/416\/revisions"}],"predecessor-version":[{"id":433,"href":"https:\/\/3gozdergisi.com\/index.php?rest_route=\/wp\/v2\/pages\/416\/revisions\/433"}],"wp:featuredmedia":[{"embeddable":true,"href":"https:\/\/3gozdergisi.com\/index.php?rest_route=\/wp\/v2\/media\/431"}],"wp:attachment":[{"href":"https:\/\/3gozdergisi.com\/index.php?rest_route=%2Fwp%2Fv2%2Fmedia&parent=416"}],"wp:term":[{"taxonomy":"post_tag","embeddable":true,"href":"https:\/\/3gozdergisi.com\/index.php?rest_route=%2Fwp%2Fv2%2Ftags&post=416"}],"curies":[{"name":"wp","href":"https:\/\/api.w.org\/{rel}","templated":true}]}}