{"id":418,"date":"2017-09-13T21:19:51","date_gmt":"2017-09-13T18:19:51","guid":{"rendered":"http:\/\/3gozdergisi.com\/?page_id=418"},"modified":"2017-09-13T21:19:51","modified_gmt":"2017-09-13T18:19:51","slug":"bireysel-danismanlik","status":"publish","type":"page","link":"https:\/\/3gozdergisi.com\/?page_id=418","title":{"rendered":"Bireysel Dan\u0131\u015fmanl\u0131k"},"content":{"rendered":"<p>&nbsp;<\/p>\n<p>\u0130nsan kendisini tan\u0131mak iste\u011fini fark edip, yol alamad\u0131ysa kendisini reddetme e\u011filimi g\u00f6sterebilen bir varl\u0131kt\u0131r. Kendini tan\u0131yabilen bir insan psikolojik ve fiziksel s\u0131n\u0131r ve s\u0131n\u0131rs\u0131zl\u0131klar\u0131n\u0131 bilir ve y\u00f6netir. Kendinde olanlar\u0131n fark\u0131nda olu\u015fu ve bunu de\u011ferlendirebilme becerisi ile bunlar\u0131 de\u011ferlendirebilir, ya\u015fam amac\u0131na uygun bir hayat ya\u015famas\u0131na destek verir. Bu tan\u0131ma kapsam\u0131nda fiziksel g\u00fcc\u00fcn\u00fc bilmesi, duygular\u0131n\u0131 y\u00f6netebilmesi, d\u00fc\u015f\u00fcncelerini s\u00f6yleyebilmesi, istek ve ihtiya\u00e7lar\u0131n\u0131 do\u011fru belirlemesi, egosunu y\u00f6netmesi, de\u011ferlerini hat\u0131rlamas\u0131, becerilerini tan\u0131mas\u0131 kendin tam ifade etmesine olanak sa\u011flar.<\/p>\n<p>Bireysel Dan\u0131\u015fmanl\u0131k hizmetinin en temel amac\u0131 da budur; bireyin kendini tan\u0131mas\u0131, karakter ve ki\u015filik \u00f6zelliklerini ke\u015ffetmesini sa\u011flayarak kar\u015f\u0131la\u015ft\u0131\u011f\u0131 sorunlara \u00e7\u00f6z\u00fcm olas\u0131l\u0131klar\u0131n\u0131 fark etmesini sa\u011flamak.<\/p>\n<p>Bireyin kendini tan\u0131ma s\u00fcrecinde \u00e7evresine dair geli\u015ftirdi\u011fi fark\u0131ndal\u0131k, aile, i\u015f, sosyal ve \u00f6zel ya\u015fam\u0131ndaki ki\u015filerle uyumlu, kaliteli, dengeli, sorunsuz veya sorunlara \u00e7\u00f6z\u00fcm odakl\u0131 bakabilen bir hayat s\u00fcrmesine yard\u0131mc\u0131 olacakt\u0131r.<\/p>\n<p>Bu verilen hizmet ile dan\u0131\u015fan\u0131n sorununun \u00f6ncelikle ger\u00e7ek kayna\u011f\u0131 bulunur. Buna sebep olan duygu durum bozukluklar\u0131 tespit edilir. Bir saate yak\u0131n s\u00fcren ilk g\u00f6r\u00fc\u015fme sonras\u0131 sorunun \u00e7\u00f6z\u00fcm\u00fc i\u00e7in ka\u00e7 seans s\u00fcrece\u011fi dan\u0131\u015fan\u0131n ihtiyac\u0131na g\u00f6re belirlenir.<\/p>\n<p>Bu bilgiler \u0131\u015f\u0131\u011f\u0131nda dan\u0131\u015fman; ili\u015fki ve ileti\u015fim problemleri, \u00f6fke kontrol\u00fc, stres y\u00f6netimi, evlilik problemleri, depresyon, travma, ki\u015fisel geli\u015fim ve olgunla\u015fma, rahat ileti\u015fim kurabilme, cinsel problemler, panik atak, uzun zamanl\u0131 yas tutma, kurban bilincine yatk\u0131nl\u0131k, mistik ve sprit\u00fcel e\u011filimler gibi konularda ki\u015fiye \u00f6zg\u00fc yakla\u015f\u0131mlar dahilinde kal\u0131c\u0131 \u00e7\u00f6z\u00fcmler sunar.<\/p>\n<p>Daha detayl\u0131 bilgi ve randevu almak i\u00e7in bizi a\u015fa\u011f\u0131daki telefon numaralar\u0131ndan arayabilirsiniz.<\/p>\n<p>Tel: 0536 214 0838<\/p>\n<p>&nbsp;<\/p>\n","protected":false},"excerpt":{"rendered":"<p>&nbsp; \u0130nsan kendisini tan\u0131mak iste\u011fini fark edip, yol alamad\u0131ysa kendisini reddetme e\u011filimi g\u00f6sterebilen bir varl\u0131kt\u0131r. Kendini tan\u0131yabilen bir insan psikolojik ve fiziksel s\u0131n\u0131r ve s\u0131n\u0131rs\u0131zl\u0131klar\u0131n\u0131 bilir ve y\u00f6netir. Kendinde olanlar\u0131n fark\u0131nda olu\u015fu ve bunu de\u011ferlendirebilme becerisi ile bunlar\u0131 de\u011ferlendirebilir, ya\u015fam amac\u0131na uygun bir hayat ya\u015famas\u0131na destek verir. Bu tan\u0131ma kapsam\u0131nda<span class=\"more-link\"><a href=\"https:\/\/3gozdergisi.com\/?page_id=418\">Read More &rarr;<\/a><\/span><\/p>\n","protected":false},"author":1,"featured_media":419,"parent":0,"menu_order":0,"comment_status":"closed","ping_status":"closed","template":"","meta":{"advanced_seo_description":"","jetpack_seo_html_title":"","jetpack_seo_noindex":false,"jetpack_post_was_ever_published":false,"footnotes":""},"tags":[],"class_list":["entry","author-dergi","post-418","page","type-page","status-publish","has-post-thumbnail"],"jetpack-related-posts":[{"id":552,"url":"https:\/\/3gozdergisi.com\/?page_id=552","url_meta":{"origin":418,"position":0},"title":"Bireysel Dan\u0131\u015fmanl\u0131k","author":"dergi","date":"18 Ocak 2018","format":false,"excerpt":"\u00a0 \u0130nsan kendisini tan\u0131mak iste\u011fini fark edip, yol alamad\u0131ysa kendisini reddetme e\u011filimi g\u00f6sterebilen bir varl\u0131kt\u0131r. Kendini tan\u0131yabilen bir insan psikolojik ve fiziksel s\u0131n\u0131r ve s\u0131n\u0131rs\u0131zl\u0131klar\u0131n\u0131 bilir ve y\u00f6netir. Kendinde olanlar\u0131n fark\u0131nda olu\u015fu ve bunu de\u011ferlendirebilme becerisi ile bunlar\u0131 de\u011ferlendirebilir, ya\u015fam amac\u0131na uygun bir hayat ya\u015famas\u0131na destek verir. Bu tan\u0131ma kapsam\u0131nda\u2026","rel":"","context":"Benzer yaz\u0131","block_context":{"text":"Benzer yaz\u0131","link":""},"img":{"alt_text":"","src":"https:\/\/i0.wp.com\/3gozdergisi.com\/wp-content\/uploads\/2018\/01\/pexels-photo-27405-2.jpg?fit=1200%2C675&ssl=1&resize=350%2C200","width":350,"height":200,"srcset":"https:\/\/i0.wp.com\/3gozdergisi.com\/wp-content\/uploads\/2018\/01\/pexels-photo-27405-2.jpg?fit=1200%2C675&ssl=1&resize=350%2C200 1x, https:\/\/i0.wp.com\/3gozdergisi.com\/wp-content\/uploads\/2018\/01\/pexels-photo-27405-2.jpg?fit=1200%2C675&ssl=1&resize=525%2C300 1.5x, https:\/\/i0.wp.com\/3gozdergisi.com\/wp-content\/uploads\/2018\/01\/pexels-photo-27405-2.jpg?fit=1200%2C675&ssl=1&resize=700%2C400 2x, https:\/\/i0.wp.com\/3gozdergisi.com\/wp-content\/uploads\/2018\/01\/pexels-photo-27405-2.jpg?fit=1200%2C675&ssl=1&resize=1050%2C600 3x"},"classes":[]},{"id":416,"url":"https:\/\/3gozdergisi.com\/?page_id=416","url_meta":{"origin":418,"position":1},"title":"G\u00fcler P\u0131narba\u015f\u0131 Kimdir?","author":"dergi","date":"13 Eyl\u00fcl 2017","format":false,"excerpt":"Fark\u0131ndal\u0131k E\u011fitmeni, hipnoz-regresyon ve progresyon terapisti olan P\u0131narba\u015f\u0131, bir s\u00fcre reklam ajans\u0131 ve sekt\u00f6rel yay\u0131nlarda bas\u0131n-yay\u0131n- halkla ili\u015fkiler sekt\u00f6r\u00fcnde \u00e7al\u0131\u015ft\u0131ktan sonra 2000 y\u0131l\u0131nda 3.G\u00f6z Dergisi\u2019ni yay\u0131mlamaya ba\u015flad\u0131. Halen 3. G\u00f6z Dergisi Genel Yay\u0131n Y\u00f6netmeni olan P\u0131narba\u015f\u0131, fark\u0131ndal\u0131k bilinciyle ya\u015fama sanat\u0131n\u0131 anlatan dergi i\u00e7in beden-zihin-ruh sa\u011fl\u0131\u011f\u0131 ve b\u00fct\u00fcnl\u00fc\u011f\u00fcne y\u00f6nelik ara\u015ft\u0131rmalar yapmaktad\u0131r.\u2026","rel":"","context":"Benzer yaz\u0131","block_context":{"text":"Benzer yaz\u0131","link":""},"img":{"alt_text":"","src":"https:\/\/i0.wp.com\/3gozdergisi.com\/wp-content\/uploads\/2017\/09\/flower-purple-lical-blosso.jpg?fit=1200%2C794&ssl=1&resize=350%2C200","width":350,"height":200,"srcset":"https:\/\/i0.wp.com\/3gozdergisi.com\/wp-content\/uploads\/2017\/09\/flower-purple-lical-blosso.jpg?fit=1200%2C794&ssl=1&resize=350%2C200 1x, https:\/\/i0.wp.com\/3gozdergisi.com\/wp-content\/uploads\/2017\/09\/flower-purple-lical-blosso.jpg?fit=1200%2C794&ssl=1&resize=525%2C300 1.5x, https:\/\/i0.wp.com\/3gozdergisi.com\/wp-content\/uploads\/2017\/09\/flower-purple-lical-blosso.jpg?fit=1200%2C794&ssl=1&resize=700%2C400 2x, https:\/\/i0.wp.com\/3gozdergisi.com\/wp-content\/uploads\/2017\/09\/flower-purple-lical-blosso.jpg?fit=1200%2C794&ssl=1&resize=1050%2C600 3x"},"classes":[]},{"id":421,"url":"https:\/\/3gozdergisi.com\/?page_id=421","url_meta":{"origin":418,"position":2},"title":"\u2018Fark\u0131ndal\u0131k\u2019 Yolculu\u011funda SEM\u0130NERLER VE E\u011e\u0130T\u0130MLER","author":"dergi","date":"13 Eyl\u00fcl 2017","format":false,"excerpt":"\u00a0 B\u0130R D\u0130LEK TUT \"Yer ve g\u00f6k aras\u0131nda k\u00f6pr\u00fc kurarak dimdik ayakta durup sizin beni kucaklaman\u0131z\u0131 beklerim. bana sar\u0131l\u0131n, bana t\u0131rman\u0131n, beni kullan\u0131n ve ben de dileklerinizi yerine getireyim. Tek ihtiyac\u0131n\u0131z olan bir a\u011fa\u00e7t\u0131r. Ben bir dilek a\u011fac\u0131y\u0131m. Ya\u015fam a\u011fac\u0131. I\u015f\u0131k A\u011fac\u0131.\" Bir dilek tutarak ba\u015flayaca\u011f\u0131z. Herhangi bir konuda bir\u2026","rel":"","context":"\"Bir dilek tut\" i\u00e7inde","block_context":{"text":"Bir dilek tut","link":"https:\/\/3gozdergisi.com\/?tag=bir-dilek-tut"},"img":{"alt_text":"","src":"https:\/\/i0.wp.com\/3gozdergisi.com\/wp-content\/uploads\/2017\/09\/wishwall-community-3.jpg?fit=1200%2C750&ssl=1&resize=350%2C200","width":350,"height":200,"srcset":"https:\/\/i0.wp.com\/3gozdergisi.com\/wp-content\/uploads\/2017\/09\/wishwall-community-3.jpg?fit=1200%2C750&ssl=1&resize=350%2C200 1x, https:\/\/i0.wp.com\/3gozdergisi.com\/wp-content\/uploads\/2017\/09\/wishwall-community-3.jpg?fit=1200%2C750&ssl=1&resize=525%2C300 1.5x, https:\/\/i0.wp.com\/3gozdergisi.com\/wp-content\/uploads\/2017\/09\/wishwall-community-3.jpg?fit=1200%2C750&ssl=1&resize=700%2C400 2x, https:\/\/i0.wp.com\/3gozdergisi.com\/wp-content\/uploads\/2017\/09\/wishwall-community-3.jpg?fit=1200%2C750&ssl=1&resize=1050%2C600 3x"},"classes":[]},{"id":195,"url":"https:\/\/3gozdergisi.com\/?page_id=195","url_meta":{"origin":418,"position":3},"title":"Meral Bak\u0131r","author":"dergi","date":"7 Nisan 2017","format":false,"excerpt":"Biyoenerji ve Seraphim Blueprint Uzman\u0131 \u00a0\u00a0\u00a0 \u00c7akra Ar\u0131nd\u0131rma ve \u00c7al\u0131\u015ft\u0131rma Y\u00f6ntemleri, 2013 ve \u00c7ocuklar i\u00e7in Yoga, 2013 kitaplar\u0131n\u0131n yazar\u0131 Swami Vivekananda Yoga University ve Yoga ALLIANCE Yoga e\u011fitmenli\u011fi temel e\u011fitimini tamamlad\u0131. Daha sonra, Rainbow Kids Yoga \u201cYoga For Kids and Families\u201d Teacher Training \u201c\u00c7ocuk ve Aile Yogas\u0131 \u00d6\u011fretmenlik E\u011fitimi, Birthlight\u2026","rel":"","context":"Benzer yaz\u0131","block_context":{"text":"Benzer yaz\u0131","link":""},"img":{"alt_text":"","src":"https:\/\/i0.wp.com\/3gozdergisi.com\/blog\/wp-content\/uploads\/2017\/04\/meral-300x200.png?resize=350%2C200","width":350,"height":200},"classes":[]},{"id":2,"url":"https:\/\/3gozdergisi.com\/?page_id=2","url_meta":{"origin":418,"position":4},"title":"\u00d6rnek sayfa","author":"dergi","date":"3 Nisan 2017","format":false,"excerpt":"Bu \u00f6rnek bir sayfad\u0131r. Bir blog yaz\u0131s\u0131ndan farkl\u0131d\u0131r \u00e7\u00fcnk\u00fc belirli bir yerde sabit olarak kal\u0131r ve teman\u0131z\u0131n dola\u015f\u0131m men\u00fcs\u00fcnde ba\u015fl\u0131\u011f\u0131 g\u00f6r\u00fcnt\u00fclenir(\u00e7o\u011fu tema destekler). Bir \u00e7ok insan potansiyel ziyaret\u00e7ilerini kar\u015f\u0131lamak ad\u0131na bir Hakk\u0131nda sayfas\u0131 kullan\u0131r. \u015euna benzeyen bir sayfa: Merhaba! G\u00fcnd\u00fczleri bisikletli kurye, geceleri ise hevesli bir akt\u00f6r\u00fcm, buras\u0131 da benim\u2026","rel":"","context":"Benzer yaz\u0131","block_context":{"text":"Benzer yaz\u0131","link":""},"img":{"alt_text":"","src":"","width":0,"height":0},"classes":[]},{"id":155,"url":"https:\/\/3gozdergisi.com\/?page_id=155","url_meta":{"origin":418,"position":5},"title":"Hakk\u0131m\u0131zda","author":"dergi","date":"7 Nisan 2017","format":false,"excerpt":"K\u00dcNYE: 3. G\u00f6z \u0130leti\u015fim, Dan\u0131\u015fmanl\u0131k, E\u011fitim Hizmetleri Ltd. \u015etd.\u00a0 Copyright\u00a0\u00a93.G\u00f6z T\u00fcm haklar\u0131 sakl\u0131d\u0131r. ISSN # 1303- 4227 *** \u00a0Genel Yay\u0131n Y\u00f6netmeni : G\u00fcler P\u0131narba\u015f\u0131 \u0130\u00e7erik Yay\u0131n Y\u00f6netmeni: Tutku \u00c7etin Sanat Y\u00f6netmeni: Atakan Palaz \u0130leti\u015fim: 05362140838 - iletisim@3gozdergisi.com \u00a0*** 3. G\u00f6z Dergisi 2000 y\u0131l\u0131ndan beri yay\u0131mlanmaktad\u0131r. 2008 y\u0131l\u0131ndan itibaren olu\u015fturulan Fark\u0131ndal\u0131k\u2026","rel":"","context":"\"Bilgi\" i\u00e7inde","block_context":{"text":"Bilgi","link":"https:\/\/3gozdergisi.com\/?tag=bilgi"},"img":{"alt_text":"","src":"https:\/\/i0.wp.com\/3gozdergisi.com\/wp-content\/uploads\/2017\/04\/hakk%C4%B1m%C4%B1zda.jpg?fit=1200%2C848&ssl=1&resize=350%2C200","width":350,"height":200,"srcset":"https:\/\/i0.wp.com\/3gozdergisi.com\/wp-content\/uploads\/2017\/04\/hakk%C4%B1m%C4%B1zda.jpg?fit=1200%2C848&ssl=1&resize=350%2C200 1x, https:\/\/i0.wp.com\/3gozdergisi.com\/wp-content\/uploads\/2017\/04\/hakk%C4%B1m%C4%B1zda.jpg?fit=1200%2C848&ssl=1&resize=525%2C300 1.5x, https:\/\/i0.wp.com\/3gozdergisi.com\/wp-content\/uploads\/2017\/04\/hakk%C4%B1m%C4%B1zda.jpg?fit=1200%2C848&ssl=1&resize=700%2C400 2x, https:\/\/i0.wp.com\/3gozdergisi.com\/wp-content\/uploads\/2017\/04\/hakk%C4%B1m%C4%B1zda.jpg?fit=1200%2C848&ssl=1&resize=1050%2C600 3x"},"classes":[]}],"jetpack_sharing_enabled":true,"jetpack_shortlink":"https:\/\/wp.me\/P8Aoxt-6K","jetpack_likes_enabled":true,"_links":{"self":[{"href":"https:\/\/3gozdergisi.com\/index.php?rest_route=\/wp\/v2\/pages\/418","targetHints":{"allow":["GET"]}}],"collection":[{"href":"https:\/\/3gozdergisi.com\/index.php?rest_route=\/wp\/v2\/pages"}],"about":[{"href":"https:\/\/3gozdergisi.com\/index.php?rest_route=\/wp\/v2\/types\/page"}],"author":[{"embeddable":true,"href":"https:\/\/3gozdergisi.com\/index.php?rest_route=\/wp\/v2\/users\/1"}],"replies":[{"embeddable":true,"href":"https:\/\/3gozdergisi.com\/index.php?rest_route=%2Fwp%2Fv2%2Fcomments&post=418"}],"version-history":[{"count":1,"href":"https:\/\/3gozdergisi.com\/index.php?rest_route=\/wp\/v2\/pages\/418\/revisions"}],"predecessor-version":[{"id":420,"href":"https:\/\/3gozdergisi.com\/index.php?rest_route=\/wp\/v2\/pages\/418\/revisions\/420"}],"wp:featuredmedia":[{"embeddable":true,"href":"https:\/\/3gozdergisi.com\/index.php?rest_route=\/wp\/v2\/media\/419"}],"wp:attachment":[{"href":"https:\/\/3gozdergisi.com\/index.php?rest_route=%2Fwp%2Fv2%2Fmedia&parent=418"}],"wp:term":[{"taxonomy":"post_tag","embeddable":true,"href":"https:\/\/3gozdergisi.com\/index.php?rest_route=%2Fwp%2Fv2%2Ftags&post=418"}],"curies":[{"name":"wp","href":"https:\/\/api.w.org\/{rel}","templated":true}]}}